{"id":13,"date":"2024-12-17T00:40:46","date_gmt":"2024-12-17T00:40:46","guid":{"rendered":"https:\/\/smartmae.com\/?page_id=13"},"modified":"2025-01-08T16:18:17","modified_gmt":"2025-01-08T16:18:17","slug":"links","status":"publish","type":"page","link":"https:\/\/smartmae.com\/","title":{"rendered":"Links | Smart M\u00e3e"},"content":{"rendered":"\t\t<div data-elementor-type=\"wp-post\" data-elementor-id=\"13\" class=\"elementor elementor-13\" data-elementor-post-type=\"page\">\n\t\t\t\t<div class=\"elementor-element elementor-element-2770c86 e-grid e-con-boxed e-con e-parent\" data-id=\"2770c86\" data-element_type=\"container\" data-settings=\"{&quot;background_background&quot;:&quot;classic&quot;}\">\n\t\t\t\t\t<div class=\"e-con-inner\">\n\t\t<div class=\"elementor-element elementor-element-14e0a25 e-con-full e-flex e-con e-child\" data-id=\"14e0a25\" data-element_type=\"container\">\n\t\t\t\t<div class=\"elementor-element elementor-element-fc99cc4 elementor-widget elementor-widget-image\" data-id=\"fc99cc4\" data-element_type=\"widget\" data-widget_type=\"image.default\">\n\t\t\t\t<div class=\"elementor-widget-container\">\n\t\t\t\t\t\t\t\t\t\t\t\t\t\t\t<img decoding=\"async\" src=\"https:\/\/smartmae.com\/wp-content\/uploads\/elementor\/thumbs\/PAULA-GIBRAMAT-POSTS--e1734391007181-qym4zqfeyp4x8gqtronkyp1sp43gj22oto6cp5lwcg.png\" title=\"PAULA GIBRAMAT &#8211; POSTS\" alt=\"PAULA GIBRAMAT - POSTS\" loading=\"lazy\" \/>\t\t\t\t\t\t\t\t\t\t\t\t\t\t\t<\/div>\n\t\t\t\t<\/div>\n\t\t\t\t<div class=\"elementor-element elementor-element-e54d4d3 elementor-widget elementor-widget-heading\" data-id=\"e54d4d3\" data-element_type=\"widget\" data-widget_type=\"heading.default\">\n\t\t\t\t<div class=\"elementor-widget-container\">\n\t\t\t\t\t<h2 class=\"elementor-heading-title elementor-size-default\">Smart M\u00e3e: amamenta\u00e7\u00e3o segura e inteligente! <br>Porque cada gota importa!<span style=\"background-color: var(--wp--preset--color--base);color: var( --e-global-color-primary );font-family: var( --e-global-typography-primary-font-family ), Sans-serif;font-size: var(--wp--preset--font-size--x-large);font-weight: var( --e-global-typography-primary-font-weight );letter-spacing: -0.1px;text-align: var(--text-align)\"><\/span><\/h2>\t\t\t\t<\/div>\n\t\t\t\t<\/div>\n\t\t\t\t<div class=\"elementor-element elementor-element-6ee3b18 elementor-shape-circle elementor-grid-3 e-grid-align-left elementor-widget elementor-widget-social-icons\" data-id=\"6ee3b18\" data-element_type=\"widget\" data-widget_type=\"social-icons.default\">\n\t\t\t\t<div class=\"elementor-widget-container\">\n\t\t\t\t\t\t\t<div class=\"elementor-social-icons-wrapper elementor-grid\">\n\t\t\t\t\t\t\t<span class=\"elementor-grid-item\">\n\t\t\t\t\t<a class=\"elementor-icon elementor-social-icon elementor-social-icon-tiktok elementor-repeater-item-57d45e3\" href=\"https:\/\/www.tiktok.com\/@smartmaeoficial?lang=pt-BR\" target=\"_blank\">\n\t\t\t\t\t\t<span class=\"elementor-screen-only\">Tiktok<\/span>\n\t\t\t\t\t\t<svg class=\"e-font-icon-svg e-fab-tiktok\" viewBox=\"0 0 448 512\" xmlns=\"http:\/\/www.w3.org\/2000\/svg\"><path d=\"M448,209.91a210.06,210.06,0,0,1-122.77-39.25V349.38A162.55,162.55,0,1,1,185,188.31V278.2a74.62,74.62,0,1,0,52.23,71.18V0l88,0a121.18,121.18,0,0,0,1.86,22.17h0A122.18,122.18,0,0,0,381,102.39a121.43,121.43,0,0,0,67,20.14Z\"><\/path><\/svg>\t\t\t\t\t<\/a>\n\t\t\t\t<\/span>\n\t\t\t\t\t\t\t<span class=\"elementor-grid-item\">\n\t\t\t\t\t<a class=\"elementor-icon elementor-social-icon elementor-social-icon-instagram elementor-repeater-item-81c702b\" href=\"https:\/\/www.instagram.com\/smartmaeoficial\/\" target=\"_blank\">\n\t\t\t\t\t\t<span class=\"elementor-screen-only\">Instagram<\/span>\n\t\t\t\t\t\t<svg class=\"e-font-icon-svg e-fab-instagram\" viewBox=\"0 0 448 512\" xmlns=\"http:\/\/www.w3.org\/2000\/svg\"><path d=\"M224.1 141c-63.6 0-114.9 51.3-114.9 114.9s51.3 114.9 114.9 114.9S339 319.5 339 255.9 287.7 141 224.1 141zm0 189.6c-41.1 0-74.7-33.5-74.7-74.7s33.5-74.7 74.7-74.7 74.7 33.5 74.7 74.7-33.6 74.7-74.7 74.7zm146.4-194.3c0 14.9-12 26.8-26.8 26.8-14.9 0-26.8-12-26.8-26.8s12-26.8 26.8-26.8 26.8 12 26.8 26.8zm76.1 27.2c-1.7-35.9-9.9-67.7-36.2-93.9-26.2-26.2-58-34.4-93.9-36.2-37-2.1-147.9-2.1-184.9 0-35.8 1.7-67.6 9.9-93.9 36.1s-34.4 58-36.2 93.9c-2.1 37-2.1 147.9 0 184.9 1.7 35.9 9.9 67.7 36.2 93.9s58 34.4 93.9 36.2c37 2.1 147.9 2.1 184.9 0 35.9-1.7 67.7-9.9 93.9-36.2 26.2-26.2 34.4-58 36.2-93.9 2.1-37 2.1-147.8 0-184.8zM398.8 388c-7.8 19.6-22.9 34.7-42.6 42.6-29.5 11.7-99.5 9-132.1 9s-102.7 2.6-132.1-9c-19.6-7.8-34.7-22.9-42.6-42.6-11.7-29.5-9-99.5-9-132.1s-2.6-102.7 9-132.1c7.8-19.6 22.9-34.7 42.6-42.6 29.5-11.7 99.5-9 132.1-9s102.7-2.6 132.1 9c19.6 7.8 34.7 22.9 42.6 42.6 11.7 29.5 9 99.5 9 132.1s2.7 102.7-9 132.1z\"><\/path><\/svg>\t\t\t\t\t<\/a>\n\t\t\t\t<\/span>\n\t\t\t\t\t\t\t<span class=\"elementor-grid-item\">\n\t\t\t\t\t<a class=\"elementor-icon elementor-social-icon elementor-social-icon-whatsapp elementor-repeater-item-7d38b76\" href=\"https:\/\/api.whatsapp.com\/send\/?phone=+554199102025&#038;text=Ol%C3%A1!%20Vim%20pela%20p%C3%A1gina%20de%20links.%20Poderia%20me%20ajudar?\" target=\"_blank\">\n\t\t\t\t\t\t<span class=\"elementor-screen-only\">Whatsapp<\/span>\n\t\t\t\t\t\t<svg class=\"e-font-icon-svg e-fab-whatsapp\" viewBox=\"0 0 448 512\" xmlns=\"http:\/\/www.w3.org\/2000\/svg\"><path d=\"M380.9 97.1C339 55.1 283.2 32 223.9 32c-122.4 0-222 99.6-222 222 0 39.1 10.2 77.3 29.6 111L0 480l117.7-30.9c32.4 17.7 68.9 27 106.1 27h.1c122.3 0 224.1-99.6 224.1-222 0-59.3-25.2-115-67.1-157zm-157 341.6c-33.2 0-65.7-8.9-94-25.7l-6.7-4-69.8 18.3L72 359.2l-4.4-7c-18.5-29.4-28.2-63.3-28.2-98.2 0-101.7 82.8-184.5 184.6-184.5 49.3 0 95.6 19.2 130.4 54.1 34.8 34.9 56.2 81.2 56.1 130.5 0 101.8-84.9 184.6-186.6 184.6zm101.2-138.2c-5.5-2.8-32.8-16.2-37.9-18-5.1-1.9-8.8-2.8-12.5 2.8-3.7 5.6-14.3 18-17.6 21.8-3.2 3.7-6.5 4.2-12 1.4-32.6-16.3-54-29.1-75.5-66-5.7-9.8 5.7-9.1 16.3-30.3 1.8-3.7.9-6.9-.5-9.7-1.4-2.8-12.5-30.1-17.1-41.2-4.5-10.8-9.1-9.3-12.5-9.5-3.2-.2-6.9-.2-10.6-.2-3.7 0-9.7 1.4-14.8 6.9-5.1 5.6-19.4 19-19.4 46.3 0 27.3 19.9 53.7 22.6 57.4 2.8 3.7 39.1 59.7 94.8 83.8 35.2 15.2 49 16.5 66.6 13.9 10.7-1.6 32.8-13.4 37.4-26.4 4.6-13 4.6-24.1 3.2-26.4-1.3-2.5-5-3.9-10.5-6.6z\"><\/path><\/svg>\t\t\t\t\t<\/a>\n\t\t\t\t<\/span>\n\t\t\t\t\t<\/div>\n\t\t\t\t\t\t<\/div>\n\t\t\t\t<\/div>\n\t\t\t\t<\/div>\n\t\t\t\t<div class=\"elementor-element elementor-element-eca3bbf elementor-widget__width-inherit elementor-widget elementor-widget-image\" data-id=\"eca3bbf\" data-element_type=\"widget\" data-widget_type=\"image.default\">\n\t\t\t\t<div class=\"elementor-widget-container\">\n\t\t\t\t\t\t\t\t\t\t\t\t\t\t\t<img decoding=\"async\" src=\"https:\/\/smartmae.com\/wp-content\/uploads\/elementor\/thumbs\/PAULA-e1734460163674-qynj5fbxw71dtc60dbjw457flfkqzya2y4igln7u9s.png\" title=\"PAULA\" alt=\"PAULA\" loading=\"lazy\" \/>\t\t\t\t\t\t\t\t\t\t\t\t\t\t\t<\/div>\n\t\t\t\t<\/div>\n\t\t\t\t\t<\/div>\n\t\t\t\t<\/div>\n\t\t<div class=\"elementor-element elementor-element-0a6733a e-flex e-con-boxed e-con e-parent\" data-id=\"0a6733a\" data-element_type=\"container\">\n\t\t\t\t\t<div class=\"e-con-inner\">\n\t\t\t\t<div class=\"elementor-element elementor-element-ccd6b6a elementor-align-justify elementor-widget elementor-widget-button\" data-id=\"ccd6b6a\" data-element_type=\"widget\" data-widget_type=\"button.default\">\n\t\t\t\t<div class=\"elementor-widget-container\">\n\t\t\t\t\t\t\t\t\t<div class=\"elementor-button-wrapper\">\n\t\t\t\t\t<a class=\"elementor-button elementor-button-link elementor-size-sm elementor-animation-grow\" href=\"#elementor-action%3Aaction%3Dpopup%3Aopen%26settings%3DeyJpZCI6IjEyNSIsInRvZ2dsZSI6ZmFsc2V9\" popup=\"sim\">\n\t\t\t\t\t\t<span class=\"elementor-button-content-wrapper\">\n\t\t\t\t\t\t\t\t\t<span class=\"elementor-button-text\"><span style=\"letter-spacing: -0.1px; text-decoration-thickness: initial; text-decoration-style: initial; text-decoration-color: initial;\"><\/span> JORNADA DA PRODU\u00c7\u00c3O DE LEITE [LISTA DE ESPERA]<\/span>\n\t\t\t\t\t<\/span>\n\t\t\t\t\t<\/a>\n\t\t\t\t<\/div>\n\t\t\t\t\t\t\t\t<\/div>\n\t\t\t\t<\/div>\n\t\t\t\t<div class=\"elementor-element elementor-element-af6911c elementor-align-justify elementor-widget elementor-widget-button\" data-id=\"af6911c\" data-element_type=\"widget\" data-widget_type=\"button.default\">\n\t\t\t\t<div class=\"elementor-widget-container\">\n\t\t\t\t\t\t\t\t\t<div class=\"elementor-button-wrapper\">\n\t\t\t\t\t<a class=\"elementor-button elementor-button-link elementor-size-sm elementor-animation-grow\" href=\"https:\/\/www.guiadagestantesm.com.br\/\" target=\"_blank\" popup=\"sim\">\n\t\t\t\t\t\t<span class=\"elementor-button-content-wrapper\">\n\t\t\t\t\t\t\t\t\t<span class=\"elementor-button-text\">GUIA DA GESTANTE<\/span>\n\t\t\t\t\t<\/span>\n\t\t\t\t\t<\/a>\n\t\t\t\t<\/div>\n\t\t\t\t\t\t\t\t<\/div>\n\t\t\t\t<\/div>\n\t\t\t\t<div class=\"elementor-element elementor-element-3e93708 elementor-align-justify elementor-widget elementor-widget-button\" data-id=\"3e93708\" data-element_type=\"widget\" data-widget_type=\"button.default\">\n\t\t\t\t<div class=\"elementor-widget-container\">\n\t\t\t\t\t\t\t\t\t<div class=\"elementor-button-wrapper\">\n\t\t\t\t\t<a class=\"elementor-button elementor-button-link elementor-size-sm elementor-animation-grow\" href=\"#elementor-action%3Aaction%3Dpopup%3Aopen%26settings%3DeyJpZCI6IjEzMiIsInRvZ2dsZSI6ZmFsc2V9\" popup=\"sim\">\n\t\t\t\t\t\t<span class=\"elementor-button-content-wrapper\">\n\t\t\t\t\t\t\t\t\t<span class=\"elementor-button-text\"><span style=\"letter-spacing: -0.1px; text-decoration-thickness: initial; text-decoration-style: initial; text-decoration-color: initial;\"><\/span> RETORNO AO TRABALHO [LISTA DE ESPERA]<\/span>\n\t\t\t\t\t<\/span>\n\t\t\t\t\t<\/a>\n\t\t\t\t<\/div>\n\t\t\t\t\t\t\t\t<\/div>\n\t\t\t\t<\/div>\n\t\t\t\t<div class=\"elementor-element elementor-element-1e45aae elementor-align-justify elementor-widget elementor-widget-button\" data-id=\"1e45aae\" data-element_type=\"widget\" data-widget_type=\"button.default\">\n\t\t\t\t<div class=\"elementor-widget-container\">\n\t\t\t\t\t\t\t\t\t<div class=\"elementor-button-wrapper\">\n\t\t\t\t\t<a class=\"elementor-button elementor-button-link elementor-size-sm elementor-animation-grow\" href=\"#elementor-action%3Aaction%3Dpopup%3Aopen%26settings%3DeyJpZCI6IjEzOCIsInRvZ2dsZSI6ZmFsc2V9\" popup=\"sim\">\n\t\t\t\t\t\t<span class=\"elementor-button-content-wrapper\">\n\t\t\t\t\t\t\t\t\t<span class=\"elementor-button-text\"><span style=\"letter-spacing: -0.1px; text-decoration-thickness: initial; text-decoration-style: initial; text-decoration-color: initial;\"><\/span> DESMAME GENTIL [LISTA DE ESPERA]<\/span>\n\t\t\t\t\t<\/span>\n\t\t\t\t\t<\/a>\n\t\t\t\t<\/div>\n\t\t\t\t\t\t\t\t<\/div>\n\t\t\t\t<\/div>\n\t\t\t\t<div class=\"elementor-element elementor-element-014cdec elementor-align-justify elementor-widget elementor-widget-button\" data-id=\"014cdec\" data-element_type=\"widget\" data-widget_type=\"button.default\">\n\t\t\t\t<div class=\"elementor-widget-container\">\n\t\t\t\t\t\t\t\t\t<div class=\"elementor-button-wrapper\">\n\t\t\t\t\t<a class=\"elementor-button elementor-button-link elementor-size-sm elementor-animation-grow\" href=\"https:\/\/yayforms.link\/dakGyQ1?utm_source=value&#038;utm_medium=value&#038;utm_campaign=value&#038;utm_content=value&#038;utm_term=value\" target=\"_blank\" popup=\"sim\">\n\t\t\t\t\t\t<span class=\"elementor-button-content-wrapper\">\n\t\t\t\t\t\t\t\t\t<span class=\"elementor-button-text\">CONSULTORIA INDIVIDuAL PARA FAM\u00cdLIAS<\/span>\n\t\t\t\t\t<\/span>\n\t\t\t\t\t<\/a>\n\t\t\t\t<\/div>\n\t\t\t\t\t\t\t\t<\/div>\n\t\t\t\t<\/div>\n\t\t\t\t<div class=\"elementor-element elementor-element-c4b93f1 elementor-align-justify elementor-widget elementor-widget-button\" data-id=\"c4b93f1\" data-element_type=\"widget\" data-widget_type=\"button.default\">\n\t\t\t\t<div class=\"elementor-widget-container\">\n\t\t\t\t\t\t\t\t\t<div class=\"elementor-button-wrapper\">\n\t\t\t\t\t<a class=\"elementor-button elementor-button-link elementor-size-sm elementor-animation-grow\" href=\"#elementor-action%3Aaction%3Dpopup%3Aopen%26settings%3DeyJpZCI6IjcwIiwidG9nZ2xlIjpmYWxzZX0%3D\" popup=\"sim\">\n\t\t\t\t\t\t<span class=\"elementor-button-content-wrapper\">\n\t\t\t\t\t\t\t\t\t<span class=\"elementor-button-text\"><span style=\"letter-spacing: -0.1px; text-decoration-thickness: initial; text-decoration-style: initial; text-decoration-color: initial;\">SMART <\/span>CONSULTORAS [LISTA DE ESPERA]<\/span>\n\t\t\t\t\t<\/span>\n\t\t\t\t\t<\/a>\n\t\t\t\t<\/div>\n\t\t\t\t\t\t\t\t<\/div>\n\t\t\t\t<\/div>\n\t\t\t\t\t<\/div>\n\t\t\t\t<\/div>\n\t\t<div class=\"elementor-element elementor-element-1fbef8b e-flex e-con-boxed e-con e-parent\" data-id=\"1fbef8b\" data-element_type=\"container\" data-settings=\"{&quot;background_background&quot;:&quot;gradient&quot;}\">\n\t\t\t\t\t<div class=\"e-con-inner\">\n\t\t<div class=\"elementor-element elementor-element-2b44a0b e-grid e-con-full e-con e-child\" data-id=\"2b44a0b\" data-element_type=\"container\">\n\t\t\t\t<div class=\"elementor-element elementor-element-13f3663 elementor-widget elementor-widget-text-editor\" data-id=\"13f3663\" data-element_type=\"widget\" data-widget_type=\"text-editor.default\">\n\t\t\t\t<div class=\"elementor-widget-container\">\n\t\t\t\t\t\t\t\t\t<p><a href=\"https:\/\/www.instagram.com\/leoadotrafego\/\">Desenvolvido por Leoa M\u00eddias | Copyright \u00a9 2024 | Todos os direitos reservados.<\/a><\/p>\t\t\t\t\t\t\t\t<\/div>\n\t\t\t\t<\/div>\n\t\t\t\t<\/div>\n\t\t\t\t\t<\/div>\n\t\t\t\t<\/div>\n\t\t\t\t<\/div>\n\t\t","protected":false},"excerpt":{"rendered":"<p>Smart M\u00e3e: amamenta\u00e7\u00e3o segura e inteligente! Porque cada gota importa! Tiktok Instagram Whatsapp JORNADA DA PRODU\u00c7\u00c3O DE LEITE [LISTA DE ESPERA] GUIA DA GESTANTE RETORNO AO TRABALHO [LISTA DE ESPERA] DESMAME GENTIL [LISTA DE ESPERA] CONSULTORIA INDIVIDuAL PARA FAM\u00cdLIAS SMART CONSULTORAS [LISTA DE ESPERA] Desenvolvido por Leoa M\u00eddias | Copyright \u00a9 2024 | Todos os [&hellip;]<\/p>\n","protected":false},"author":1,"featured_media":0,"parent":0,"menu_order":0,"comment_status":"closed","ping_status":"closed","template":"elementor_canvas","meta":{"footnotes":""},"class_list":["post-13","page","type-page","status-publish","hentry"],"yoast_head":"<!-- This site is optimized with the Yoast SEO plugin v24.0 - https:\/\/yoast.com\/wordpress\/plugins\/seo\/ -->\n<title>Links | Smart M\u00e3e - smartmae.com<\/title>\n<meta name=\"robots\" content=\"index, follow, max-snippet:-1, max-image-preview:large, max-video-preview:-1\" \/>\n<link rel=\"canonical\" href=\"https:\/\/smartmae.com\/\" \/>\n<meta property=\"og:locale\" content=\"pt_BR\" \/>\n<meta property=\"og:type\" content=\"article\" \/>\n<meta property=\"og:title\" content=\"Links | Smart M\u00e3e - smartmae.com\" \/>\n<meta property=\"og:description\" content=\"Smart M\u00e3e: amamenta\u00e7\u00e3o segura e inteligente! Porque cada gota importa! Tiktok Instagram Whatsapp JORNADA DA PRODU\u00c7\u00c3O DE LEITE [LISTA DE ESPERA] GUIA DA GESTANTE RETORNO AO TRABALHO [LISTA DE ESPERA] DESMAME GENTIL [LISTA DE ESPERA] CONSULTORIA INDIVIDuAL PARA FAM\u00cdLIAS SMART CONSULTORAS [LISTA DE ESPERA] Desenvolvido por Leoa M\u00eddias | Copyright \u00a9 2024 | Todos os [&hellip;]\" \/>\n<meta property=\"og:url\" content=\"https:\/\/smartmae.com\/\" \/>\n<meta property=\"og:site_name\" content=\"smartmae.com\" \/>\n<meta property=\"article:modified_time\" content=\"2025-01-08T16:18:17+00:00\" \/>\n<meta property=\"og:image\" content=\"https:\/\/smartmae.com\/wp-content\/uploads\/elementor\/thumbs\/PAULA-GIBRAMAT-POSTS--e1734391007181-qym4zqfeyp4x8gqtronkyp1sp43gj22oto6cp5lwcg.png\" \/>\n<meta name=\"twitter:card\" content=\"summary_large_image\" \/>\n<meta name=\"twitter:label1\" content=\"Est. tempo de leitura\" \/>\n\t<meta name=\"twitter:data1\" content=\"1 minuto\" \/>\n<script type=\"application\/ld+json\" class=\"yoast-schema-graph\">{\"@context\":\"https:\/\/schema.org\",\"@graph\":[{\"@type\":\"WebPage\",\"@id\":\"https:\/\/smartmae.com\/\",\"url\":\"https:\/\/smartmae.com\/\",\"name\":\"Links | Smart M\u00e3e - smartmae.com\",\"isPartOf\":{\"@id\":\"https:\/\/smartmae.com\/#website\"},\"primaryImageOfPage\":{\"@id\":\"https:\/\/smartmae.com\/#primaryimage\"},\"image\":{\"@id\":\"https:\/\/smartmae.com\/#primaryimage\"},\"thumbnailUrl\":\"https:\/\/smartmae.com\/wp-content\/uploads\/elementor\/thumbs\/PAULA-GIBRAMAT-POSTS--e1734391007181-qym4zqfeyp4x8gqtronkyp1sp43gj22oto6cp5lwcg.png\",\"datePublished\":\"2024-12-17T00:40:46+00:00\",\"dateModified\":\"2025-01-08T16:18:17+00:00\",\"breadcrumb\":{\"@id\":\"https:\/\/smartmae.com\/#breadcrumb\"},\"inLanguage\":\"pt-BR\",\"potentialAction\":[{\"@type\":\"ReadAction\",\"target\":[\"https:\/\/smartmae.com\/\"]}]},{\"@type\":\"ImageObject\",\"inLanguage\":\"pt-BR\",\"@id\":\"https:\/\/smartmae.com\/#primaryimage\",\"url\":\"https:\/\/smartmae.com\/wp-content\/uploads\/elementor\/thumbs\/PAULA-GIBRAMAT-POSTS--e1734391007181-qym4zqfeyp4x8gqtronkyp1sp43gj22oto6cp5lwcg.png\",\"contentUrl\":\"https:\/\/smartmae.com\/wp-content\/uploads\/elementor\/thumbs\/PAULA-GIBRAMAT-POSTS--e1734391007181-qym4zqfeyp4x8gqtronkyp1sp43gj22oto6cp5lwcg.png\"},{\"@type\":\"BreadcrumbList\",\"@id\":\"https:\/\/smartmae.com\/#breadcrumb\",\"itemListElement\":[{\"@type\":\"ListItem\",\"position\":1,\"name\":\"In\u00edcio\",\"item\":\"https:\/\/smartmae.com\/\"},{\"@type\":\"ListItem\",\"position\":2,\"name\":\"Links | Smart M\u00e3e\"}]},{\"@type\":\"WebSite\",\"@id\":\"https:\/\/smartmae.com\/#website\",\"url\":\"https:\/\/smartmae.com\/\",\"name\":\"Smart M\u00e3e: amamenta\u00e7\u00e3o segura e inteligente! Porque cada gota importa!\",\"description\":\"Amamenta\u00e7\u00e3o inteligente! Porque cada gota importa!\",\"publisher\":{\"@id\":\"https:\/\/smartmae.com\/#organization\"},\"potentialAction\":[{\"@type\":\"SearchAction\",\"target\":{\"@type\":\"EntryPoint\",\"urlTemplate\":\"https:\/\/smartmae.com\/?s={search_term_string}\"},\"query-input\":{\"@type\":\"PropertyValueSpecification\",\"valueRequired\":true,\"valueName\":\"search_term_string\"}}],\"inLanguage\":\"pt-BR\"},{\"@type\":\"Organization\",\"@id\":\"https:\/\/smartmae.com\/#organization\",\"name\":\"Smart M\u00e3e\",\"url\":\"https:\/\/smartmae.com\/\",\"logo\":{\"@type\":\"ImageObject\",\"inLanguage\":\"pt-BR\",\"@id\":\"https:\/\/smartmae.com\/#\/schema\/logo\/image\/\",\"url\":\"https:\/\/smartmae.com\/wp-content\/uploads\/2024\/12\/PAULA-GIBRAMAT-POSTS--e1734391007181.png\",\"contentUrl\":\"https:\/\/smartmae.com\/wp-content\/uploads\/2024\/12\/PAULA-GIBRAMAT-POSTS--e1734391007181.png\",\"width\":947,\"height\":330,\"caption\":\"Smart M\u00e3e\"},\"image\":{\"@id\":\"https:\/\/smartmae.com\/#\/schema\/logo\/image\/\"},\"sameAs\":[\"https:\/\/www.instagram.com\/smartmaeoficial\/\",\"https:\/\/www.tiktok.com\/@smartmaeoficial?lang=pt-BR\"]}]}<\/script>\n<!-- \/ Yoast SEO plugin. -->","yoast_head_json":{"title":"Links | Smart M\u00e3e - smartmae.com","robots":{"index":"index","follow":"follow","max-snippet":"max-snippet:-1","max-image-preview":"max-image-preview:large","max-video-preview":"max-video-preview:-1"},"canonical":"https:\/\/smartmae.com\/","og_locale":"pt_BR","og_type":"article","og_title":"Links | Smart M\u00e3e - smartmae.com","og_description":"Smart M\u00e3e: amamenta\u00e7\u00e3o segura e inteligente! Porque cada gota importa! Tiktok Instagram Whatsapp JORNADA DA PRODU\u00c7\u00c3O DE LEITE [LISTA DE ESPERA] GUIA DA GESTANTE RETORNO AO TRABALHO [LISTA DE ESPERA] DESMAME GENTIL [LISTA DE ESPERA] CONSULTORIA INDIVIDuAL PARA FAM\u00cdLIAS SMART CONSULTORAS [LISTA DE ESPERA] Desenvolvido por Leoa M\u00eddias | Copyright \u00a9 2024 | Todos os [&hellip;]","og_url":"https:\/\/smartmae.com\/","og_site_name":"smartmae.com","article_modified_time":"2025-01-08T16:18:17+00:00","og_image":[{"url":"https:\/\/smartmae.com\/wp-content\/uploads\/elementor\/thumbs\/PAULA-GIBRAMAT-POSTS--e1734391007181-qym4zqfeyp4x8gqtronkyp1sp43gj22oto6cp5lwcg.png","type":"","width":"","height":""}],"twitter_card":"summary_large_image","twitter_misc":{"Est. tempo de leitura":"1 minuto"},"schema":{"@context":"https:\/\/schema.org","@graph":[{"@type":"WebPage","@id":"https:\/\/smartmae.com\/","url":"https:\/\/smartmae.com\/","name":"Links | Smart M\u00e3e - smartmae.com","isPartOf":{"@id":"https:\/\/smartmae.com\/#website"},"primaryImageOfPage":{"@id":"https:\/\/smartmae.com\/#primaryimage"},"image":{"@id":"https:\/\/smartmae.com\/#primaryimage"},"thumbnailUrl":"https:\/\/smartmae.com\/wp-content\/uploads\/elementor\/thumbs\/PAULA-GIBRAMAT-POSTS--e1734391007181-qym4zqfeyp4x8gqtronkyp1sp43gj22oto6cp5lwcg.png","datePublished":"2024-12-17T00:40:46+00:00","dateModified":"2025-01-08T16:18:17+00:00","breadcrumb":{"@id":"https:\/\/smartmae.com\/#breadcrumb"},"inLanguage":"pt-BR","potentialAction":[{"@type":"ReadAction","target":["https:\/\/smartmae.com\/"]}]},{"@type":"ImageObject","inLanguage":"pt-BR","@id":"https:\/\/smartmae.com\/#primaryimage","url":"https:\/\/smartmae.com\/wp-content\/uploads\/elementor\/thumbs\/PAULA-GIBRAMAT-POSTS--e1734391007181-qym4zqfeyp4x8gqtronkyp1sp43gj22oto6cp5lwcg.png","contentUrl":"https:\/\/smartmae.com\/wp-content\/uploads\/elementor\/thumbs\/PAULA-GIBRAMAT-POSTS--e1734391007181-qym4zqfeyp4x8gqtronkyp1sp43gj22oto6cp5lwcg.png"},{"@type":"BreadcrumbList","@id":"https:\/\/smartmae.com\/#breadcrumb","itemListElement":[{"@type":"ListItem","position":1,"name":"In\u00edcio","item":"https:\/\/smartmae.com\/"},{"@type":"ListItem","position":2,"name":"Links | Smart M\u00e3e"}]},{"@type":"WebSite","@id":"https:\/\/smartmae.com\/#website","url":"https:\/\/smartmae.com\/","name":"Smart M\u00e3e: amamenta\u00e7\u00e3o segura e inteligente! Porque cada gota importa!","description":"Amamenta\u00e7\u00e3o inteligente! Porque cada gota importa!","publisher":{"@id":"https:\/\/smartmae.com\/#organization"},"potentialAction":[{"@type":"SearchAction","target":{"@type":"EntryPoint","urlTemplate":"https:\/\/smartmae.com\/?s={search_term_string}"},"query-input":{"@type":"PropertyValueSpecification","valueRequired":true,"valueName":"search_term_string"}}],"inLanguage":"pt-BR"},{"@type":"Organization","@id":"https:\/\/smartmae.com\/#organization","name":"Smart M\u00e3e","url":"https:\/\/smartmae.com\/","logo":{"@type":"ImageObject","inLanguage":"pt-BR","@id":"https:\/\/smartmae.com\/#\/schema\/logo\/image\/","url":"https:\/\/smartmae.com\/wp-content\/uploads\/2024\/12\/PAULA-GIBRAMAT-POSTS--e1734391007181.png","contentUrl":"https:\/\/smartmae.com\/wp-content\/uploads\/2024\/12\/PAULA-GIBRAMAT-POSTS--e1734391007181.png","width":947,"height":330,"caption":"Smart M\u00e3e"},"image":{"@id":"https:\/\/smartmae.com\/#\/schema\/logo\/image\/"},"sameAs":["https:\/\/www.instagram.com\/smartmaeoficial\/","https:\/\/www.tiktok.com\/@smartmaeoficial?lang=pt-BR"]}]}},"_links":{"self":[{"href":"https:\/\/smartmae.com\/index.php?rest_route=\/wp\/v2\/pages\/13","targetHints":{"allow":["GET"]}}],"collection":[{"href":"https:\/\/smartmae.com\/index.php?rest_route=\/wp\/v2\/pages"}],"about":[{"href":"https:\/\/smartmae.com\/index.php?rest_route=\/wp\/v2\/types\/page"}],"author":[{"embeddable":true,"href":"https:\/\/smartmae.com\/index.php?rest_route=\/wp\/v2\/users\/1"}],"replies":[{"embeddable":true,"href":"https:\/\/smartmae.com\/index.php?rest_route=%2Fwp%2Fv2%2Fcomments&post=13"}],"version-history":[{"count":131,"href":"https:\/\/smartmae.com\/index.php?rest_route=\/wp\/v2\/pages\/13\/revisions"}],"predecessor-version":[{"id":253,"href":"https:\/\/smartmae.com\/index.php?rest_route=\/wp\/v2\/pages\/13\/revisions\/253"}],"wp:attachment":[{"href":"https:\/\/smartmae.com\/index.php?rest_route=%2Fwp%2Fv2%2Fmedia&parent=13"}],"curies":[{"name":"wp","href":"https:\/\/api.w.org\/{rel}","templated":true}]}}